{"id":7,"date":"2024-04-23T12:31:27","date_gmt":"2024-04-23T16:31:27","guid":{"rendered":"https:\/\/mex-mart.ca\/?page_id=7"},"modified":"2024-05-06T14:47:03","modified_gmt":"2024-05-06T18:47:03","slug":"international-air-shipping","status":"publish","type":"page","link":"https:\/\/mex-mart.ca\/index.php\/international-air-shipping\/","title":{"rendered":"International Air Shipping"},"content":{"rendered":"\t\t<div data-elementor-type=\"wp-post\" data-elementor-id=\"7\" class=\"elementor elementor-7\">\n\t\t\t\t<div class=\"elementor-element elementor-element-cb4fa7e e-flex e-con-boxed e-con e-parent\" data-id=\"cb4fa7e\" data-element_type=\"container\" data-e-type=\"container\">\n\t\t\t\t\t<div class=\"e-con-inner\">\n\t\t<div class=\"elementor-element elementor-element-08f9ec3 e-con-full e-flex e-con e-child\" data-id=\"08f9ec3\" data-element_type=\"container\" data-e-type=\"container\">\n\t\t<div class=\"elementor-element elementor-element-b7692ac e-flex e-con-boxed e-con e-child\" data-id=\"b7692ac\" data-element_type=\"container\" data-e-type=\"container\">\n\t\t\t\t\t<div class=\"e-con-inner\">\n\t\t\t\t<div class=\"elementor-element elementor-element-06e3ad7 elementor-widget__width-initial elementor-widget elementor-widget-image\" data-id=\"06e3ad7\" data-element_type=\"widget\" data-e-type=\"widget\" data-widget_type=\"image.default\">\n\t\t\t\t<div class=\"elementor-widget-container\">\n\t\t\t\t\t\t\t\t\t\t\t\t\t\t\t<img fetchpriority=\"high\" decoding=\"async\" width=\"683\" height=\"1024\" src=\"https:\/\/mex-mart.ca\/wp-content\/uploads\/2024\/04\/InternationalShiping-683x1024.png\" class=\"attachment-large size-large wp-image-1908\" alt=\"International Shipping\" srcset=\"https:\/\/mex-mart.ca\/wp-content\/uploads\/2024\/04\/InternationalShiping-683x1024.png 683w, https:\/\/mex-mart.ca\/wp-content\/uploads\/2024\/04\/InternationalShiping-500x750.png 500w, https:\/\/mex-mart.ca\/wp-content\/uploads\/2024\/04\/InternationalShiping-200x300.png 200w, https:\/\/mex-mart.ca\/wp-content\/uploads\/2024\/04\/InternationalShiping-768x1152.png 768w, https:\/\/mex-mart.ca\/wp-content\/uploads\/2024\/04\/InternationalShiping-1024x1536.png 1024w, https:\/\/mex-mart.ca\/wp-content\/uploads\/2024\/04\/InternationalShiping-1365x2048.png 1365w, https:\/\/mex-mart.ca\/wp-content\/uploads\/2024\/04\/InternationalShiping.png 2000w\" sizes=\"(max-width: 683px) 100vw, 683px\" \/>\t\t\t\t\t\t\t\t\t\t\t\t\t\t\t<\/div>\n\t\t\t\t<\/div>\n\t\t\t\t\t<\/div>\n\t\t\t\t<\/div>\n\t\t<div class=\"elementor-element elementor-element-42f397f e-flex e-con-boxed e-con e-child\" data-id=\"42f397f\" data-element_type=\"container\" data-e-type=\"container\">\n\t\t\t\t\t<div class=\"e-con-inner\">\n\t\t\t\t\t<\/div>\n\t\t\t\t<\/div>\n\t\t\t\t<\/div>\n\t\t<div class=\"elementor-element elementor-element-dfeec8e e-con-full e-flex e-con e-child\" data-id=\"dfeec8e\" data-element_type=\"container\" data-e-type=\"container\">\n\t\t\t\t<div class=\"elementor-element elementor-element-7aff212 elementor-widget elementor-widget-heading\" data-id=\"7aff212\" data-element_type=\"widget\" data-e-type=\"widget\" data-widget_type=\"heading.default\">\n\t\t\t\t<div class=\"elementor-widget-container\">\n\t\t\t\t\t<h5 class=\"elementor-heading-title elementor-size-default\">PUERTA A AEROPUERTO, EQUIPAJE SOLITARIO O EQUIPAJE NO ACOMPA\u00d1ADO<\/h5>\t\t\t\t<\/div>\n\t\t\t\t<\/div>\n\t\t\t\t<div class=\"elementor-element elementor-element-19e350b elementor-widget elementor-widget-text-editor\" data-id=\"19e350b\" data-element_type=\"widget\" data-e-type=\"widget\" data-widget_type=\"text-editor.default\">\n\t\t\t\t<div class=\"elementor-widget-container\">\n\t\t\t\t\t\t\t\t\t<p><b>Destinos: <\/b><span style=\"font-weight: 400;\">Guatemala, Honduras, El Salvador, Nicaragua y Costa Rica<\/span><\/p><p><span style=\"font-weight: 400;\">Este es el servicio con mas demanda debido a que es el mas econ\u00f3mico y r\u00e1pido usualmente no pagas impuestos debido al articulo 116 o 114 del C\u00f3digo Aduanero Centroamericano.<\/span><\/p><p><b><i>Su Familiar retira la carga en El Aeropuerto pagar\u00eda $ 15 a 20 USD por la gu\u00eda.<\/i><\/b><\/p><p><span style=\"font-weight: 400;\">Los impuestos van de acuerdo a lo que usted env\u00eda. Su Familiar que tiene que ser del primer circulo sangu\u00edneo (esposo, esposa, hijos padres o hermanos deben llevar partida de nacimiento)<\/span><\/p>\t\t\t\t\t\t\t\t<\/div>\n\t\t\t\t<\/div>\n\t\t\t\t<div class=\"elementor-element elementor-element-ac636a8 elementor-widget elementor-widget-heading\" data-id=\"ac636a8\" data-element_type=\"widget\" data-e-type=\"widget\" data-widget_type=\"heading.default\">\n\t\t\t\t<div class=\"elementor-widget-container\">\n\t\t\t\t\t<h6 class=\"elementor-heading-title elementor-size-default\">PEQUEN\u0303OS ENVI\u0301OS FAMILIARES SIN CARA\u0301CTER COMERCIAL<\/h6>\t\t\t\t<\/div>\n\t\t\t\t<\/div>\n\t\t\t\t<div class=\"elementor-element elementor-element-3f3f1d2 elementor-widget elementor-widget-text-editor\" data-id=\"3f3f1d2\" data-element_type=\"widget\" data-e-type=\"widget\" data-widget_type=\"text-editor.default\">\n\t\t\t\t<div class=\"elementor-widget-container\">\n\t\t\t\t\t\t\t\t\t<p><span style=\"font-weight: 400;\">Para el despacho de los pequen\u0303os envi\u0301os sin cara\u0301cter comercial (Art 114 del Co\u0301digo Aduanero Centroa\u0301mericano), en la Declaracio\u0301n de Mercanci\u0301as se aplicara\u0301 la exencio\u0301n de quinientos 00\/100 ($500.00) do\u0301lares americanos, siempre y cuando la persona individual a la que lleguen consignadas las mercanci\u0301as bajo e\u0301sta modalidad, acredite su derecho al retiro de las mismas, mediante la presentacio\u0301n del documento de embarque consignado a su nombre y firmando la declaracio\u0301n aduanera.<\/span><\/p>\t\t\t\t\t\t\t\t<\/div>\n\t\t\t\t<\/div>\n\t\t\t\t<div class=\"elementor-element elementor-element-d9391f2 elementor-widget elementor-widget-text-editor\" data-id=\"d9391f2\" data-element_type=\"widget\" data-e-type=\"widget\" data-widget_type=\"text-editor.default\">\n\t\t\t\t<div class=\"elementor-widget-container\">\n\t\t\t\t\t\t\t\t\t<p><span style=\"font-weight: 400;\">Para gozar del presente beneficio se debera\u0301n cumplir las condiciones siguientes:<\/span><span style=\"font-weight: 400;\"><br \/><\/span><span style=\"font-weight: 400;\"> a. Que el destinatario no haya gozado del beneficio durante los u\u0301ltimos seis meses anteriores al arribo de las mercanci\u0301as.<\/span><span style=\"font-weight: 400;\"><br \/><\/span><span style=\"font-weight: 400;\"> b. Que la cantidad de mercanci\u0301as a importar bajo esta modalidad no sea susceptible de ser destinada para fines comerciales.<\/span><span style=\"font-weight: 400;\"><br \/><\/span><span style=\"font-weight: 400;\"> c. Que el destinatario de las mercanci\u0301as sea una persona natural.<br \/><\/span><span style=\"font-weight: 400;\">d. Que se demuestre, en su caso, ante la autoridad aduanera el cumplimiento de las regulaciones y restricciones no arancelarias.<\/span><span style=\"font-weight: 400;\"><br \/><\/span><span style=\"font-weight: 400;\"> Los envi\u0301os que excedan el valor de quinientos 00\/100 ($500.00) do\u0301lares americanos, estara\u0301n sujetos al pago de los Derechos Arancelarios e Impuestos correspondientes sobre el valor total del envi\u0301o.<\/span><span style=\"font-weight: 400;\"><br \/><\/span><span style=\"font-weight: 400;\"> En caso de no contar con facturas, recibos o tiquetes de caja, la Aduana procedera\u0301 a determinar el valor de las mercanci\u0301as en base a valores de referencia debidamente publicados por la DGA.<\/span><\/p>\t\t\t\t\t\t\t\t<\/div>\n\t\t\t\t<\/div>\n\t\t\t\t<\/div>\n\t\t\t\t\t<\/div>\n\t\t\t\t<\/div>\n\t\t\t\t<\/div>\n\t\t","protected":false},"excerpt":{"rendered":"<p>PUERTA A AEROPUERTO, EQUIPAJE SOLITARIO O EQUIPAJE NO ACOMPA\u00d1ADO Destinos: Guatemala, Honduras, El Salvador, Nicaragua y Costa Rica Este es&#8230;<\/p>\n","protected":false},"author":1,"featured_media":0,"parent":0,"menu_order":0,"comment_status":"closed","ping_status":"closed","template":"","meta":{"_acf_changed":false,"footnotes":""},"class_list":["post-7","page","type-page","status-publish","hentry"],"acf":[],"post-meta":{"_elementor_edit_mode":["builder"],"_elementor_template_type":["wp-post"],"_elementor_version":["3.21.4"],"_edit_lock":["1715021228:1"],"_edit_last":["1"],"site-container":["default"],"site-header-transparent":["default"],"site-page-header":["default"],"site-sidebar":["default"],"_wp_page_template":["default"],"_elementor_data":["[{\"id\":\"cb4fa7e\",\"elType\":\"container\",\"settings\":{\"flex_direction\":\"row\",\"flex_gap\":{\"unit\":\"px\",\"size\":0,\"column\":\"0\",\"row\":\"0\"}},\"elements\":[{\"id\":\"08f9ec3\",\"elType\":\"container\",\"settings\":{\"content_width\":\"full\",\"width\":{\"unit\":\"%\",\"size\":37.815},\"padding\":{\"unit\":\"px\",\"top\":0,\"right\":0,\"bottom\":0,\"left\":0,\"isLinked\":true},\"flex_gap\":{\"unit\":\"px\",\"size\":0,\"column\":\"0\",\"row\":\"0\"},\"_flex_size\":\"none\",\"_element_width\":\"initial\"},\"elements\":[{\"id\":\"b7692ac\",\"elType\":\"container\",\"settings\":[],\"elements\":[{\"id\":\"06e3ad7\",\"elType\":\"widget\",\"settings\":{\"image\":{\"url\":\"http:\\\/\\\/mex-mart.ca\\\/wp-content\\\/uploads\\\/2024\\\/04\\\/InternationalShiping.png\",\"id\":1908,\"size\":\"\",\"alt\":\"International Shipping\",\"source\":\"library\"},\"align\":\"center\",\"_element_width\":\"initial\",\"_element_custom_width\":{\"unit\":\"%\",\"size\":99.755},\"_flex_size\":\"none\"},\"elements\":[],\"widgetType\":\"image\"}],\"isInner\":true},{\"id\":\"42f397f\",\"elType\":\"container\",\"settings\":[],\"elements\":[],\"isInner\":true}],\"isInner\":true},{\"id\":\"dfeec8e\",\"elType\":\"container\",\"settings\":{\"content_width\":\"full\",\"width\":{\"unit\":\"%\",\"size\":47.335},\"_flex_size\":\"none\",\"_element_width\":\"initial\"},\"elements\":[{\"id\":\"7aff212\",\"elType\":\"widget\",\"settings\":{\"title\":\"PUERTA A AEROPUERTO, EQUIPAJE SOLITARIO O EQUIPAJE NO ACOMPA\\u00d1ADO\",\"header_size\":\"h5\"},\"elements\":[],\"widgetType\":\"heading\"},{\"id\":\"19e350b\",\"elType\":\"widget\",\"settings\":{\"editor\":\"<p><b>Destinos: <\\\/b><span style=\\\"font-weight: 400;\\\">Guatemala, Honduras, El Salvador, Nicaragua y Costa Rica<\\\/span><\\\/p><p><span style=\\\"font-weight: 400;\\\">Este es el servicio con mas demanda debido a que es el mas econ\\u00f3mico y r\\u00e1pido usualmente no pagas impuestos debido al articulo 116 o 114 del C\\u00f3digo Aduanero Centroamericano.<\\\/span><\\\/p><p><b><i>Su Familiar retira la carga en El Aeropuerto pagar\\u00eda $ 15 a 20 USD por la gu\\u00eda.<\\\/i><\\\/b><\\\/p><p><span style=\\\"font-weight: 400;\\\">Los impuestos van de acuerdo a lo que usted env\\u00eda. Su Familiar que tiene que ser del primer circulo sangu\\u00edneo (esposo, esposa, hijos padres o hermanos deben llevar partida de nacimiento)<\\\/span><\\\/p>\",\"align\":\"justify\"},\"elements\":[],\"widgetType\":\"text-editor\"},{\"id\":\"ac636a8\",\"elType\":\"widget\",\"settings\":{\"title\":\"PEQUEN\\u0303OS ENVI\\u0301OS FAMILIARES SIN CARA\\u0301CTER COMERCIAL\",\"header_size\":\"h6\"},\"elements\":[],\"widgetType\":\"heading\"},{\"id\":\"3f3f1d2\",\"elType\":\"widget\",\"settings\":{\"editor\":\"<p><span style=\\\"font-weight: 400;\\\">Para el despacho de los pequen\\u0303os envi\\u0301os sin cara\\u0301cter comercial (Art 114 del Co\\u0301digo Aduanero Centroa\\u0301mericano), en la Declaracio\\u0301n de Mercanci\\u0301as se aplicara\\u0301 la exencio\\u0301n de quinientos 00\\\/100 ($500.00) do\\u0301lares americanos, siempre y cuando la persona individual a la que lleguen consignadas las mercanci\\u0301as bajo e\\u0301sta modalidad, acredite su derecho al retiro de las mismas, mediante la presentacio\\u0301n del documento de embarque consignado a su nombre y firmando la declaracio\\u0301n aduanera.<\\\/span><\\\/p>\",\"align\":\"justify\"},\"elements\":[],\"widgetType\":\"text-editor\"},{\"id\":\"d9391f2\",\"elType\":\"widget\",\"settings\":{\"editor\":\"<p><span style=\\\"font-weight: 400;\\\">Para gozar del presente beneficio se debera\\u0301n cumplir las condiciones siguientes:<\\\/span><span style=\\\"font-weight: 400;\\\"><br \\\/><\\\/span><span style=\\\"font-weight: 400;\\\"> a. Que el destinatario no haya gozado del beneficio durante los u\\u0301ltimos seis meses anteriores al arribo de las mercanci\\u0301as.<\\\/span><span style=\\\"font-weight: 400;\\\"><br \\\/><\\\/span><span style=\\\"font-weight: 400;\\\"> b. Que la cantidad de mercanci\\u0301as a importar bajo esta modalidad no sea susceptible de ser destinada para fines comerciales.<\\\/span><span style=\\\"font-weight: 400;\\\"><br \\\/><\\\/span><span style=\\\"font-weight: 400;\\\"> c. Que el destinatario de las mercanci\\u0301as sea una persona natural.<br \\\/><\\\/span><span style=\\\"font-weight: 400;\\\">d. Que se demuestre, en su caso, ante la autoridad aduanera el cumplimiento de las regulaciones y restricciones no arancelarias.<\\\/span><span style=\\\"font-weight: 400;\\\"><br \\\/><\\\/span><span style=\\\"font-weight: 400;\\\"> Los envi\\u0301os que excedan el valor de quinientos 00\\\/100 ($500.00) do\\u0301lares americanos, estara\\u0301n sujetos al pago de los Derechos Arancelarios e Impuestos correspondientes sobre el valor total del envi\\u0301o.<\\\/span><span style=\\\"font-weight: 400;\\\"><br \\\/><\\\/span><span style=\\\"font-weight: 400;\\\"> En caso de no contar con facturas, recibos o tiquetes de caja, la Aduana procedera\\u0301 a determinar el valor de las mercanci\\u0301as en base a valores de referencia debidamente publicados por la DGA.<\\\/span><\\\/p>\",\"_flex_align_self\":\"flex-start\"},\"elements\":[],\"widgetType\":\"text-editor\"},{\"id\":\"3289be5\",\"elType\":\"widget\",\"settings\":{\"editor\":\"\"},\"elements\":[],\"widgetType\":\"text-editor\"}],\"isInner\":true}],\"isInner\":false}]"],"_elementor_controls_usage":["a:4:{s:5:\"image\";a:3:{s:5:\"count\";i:1;s:15:\"control_percent\";i:2;s:8:\"controls\";a:3:{s:7:\"content\";a:1:{s:13:\"section_image\";a:1:{s:5:\"image\";i:1;}}s:5:\"style\";a:1:{s:19:\"section_style_image\";a:1:{s:5:\"align\";i:1;}}s:8:\"advanced\";a:1:{s:14:\"_section_style\";a:3:{s:14:\"_element_width\";i:1;s:21:\"_element_custom_width\";i:1;s:10:\"_flex_size\";i:1;}}}}s:9:\"container\";a:3:{s:5:\"count\";i:5;s:15:\"control_percent\";i:1;s:8:\"controls\";a:2:{s:6:\"layout\";a:1:{s:24:\"section_layout_container\";a:4:{s:13:\"content_width\";i:2;s:5:\"width\";i:2;s:8:\"flex_gap\";i:2;s:14:\"flex_direction\";i:1;}}s:8:\"advanced\";a:1:{s:14:\"section_layout\";a:2:{s:7:\"padding\";i:1;s:10:\"_flex_size\";i:2;}}}}s:7:\"heading\";a:3:{s:5:\"count\";i:2;s:15:\"control_percent\";i:1;s:8:\"controls\";a:1:{s:7:\"content\";a:1:{s:13:\"section_title\";a:2:{s:5:\"title\";i:2;s:11:\"header_size\";i:2;}}}}s:11:\"text-editor\";a:3:{s:5:\"count\";i:4;s:15:\"control_percent\";i:0;s:8:\"controls\";a:3:{s:7:\"content\";a:1:{s:14:\"section_editor\";a:1:{s:6:\"editor\";i:4;}}s:5:\"style\";a:1:{s:13:\"section_style\";a:1:{s:5:\"align\";i:2;}}s:8:\"advanced\";a:1:{s:14:\"_section_style\";a:1:{s:16:\"_flex_align_self\";i:1;}}}}}"],"_elementor_page_assets":["a:2:{s:6:\"styles\";a:2:{i:0;s:12:\"widget-image\";i:1;s:14:\"widget-heading\";}s:7:\"scripts\";a:1:{i:0;s:18:\"elementor-frontend\";}}"],"_elementor_css":["a:6:{s:4:\"time\";i:1778667229;s:5:\"fonts\";a:0:{}s:5:\"icons\";a:0:{}s:20:\"dynamic_elements_ids\";a:0:{}s:6:\"status\";s:4:\"file\";i:0;s:0:\"\";}"],"_elementor_element_cache":["{\"timeout\":1778739229,\"value\":{\"content\":\"<div class=\\\"elementor-element elementor-element-cb4fa7e e-flex e-con-boxed e-con e-parent\\\" data-id=\\\"cb4fa7e\\\" data-element_type=\\\"container\\\" data-e-type=\\\"container\\\">\\n\\t\\t\\t\\t\\t<div class=\\\"e-con-inner\\\">\\n\\t\\t<div class=\\\"elementor-element elementor-element-08f9ec3 e-con-full e-flex e-con e-child\\\" data-id=\\\"08f9ec3\\\" data-element_type=\\\"container\\\" data-e-type=\\\"container\\\">\\n\\t\\t<div class=\\\"elementor-element elementor-element-b7692ac e-flex e-con-boxed e-con e-child\\\" data-id=\\\"b7692ac\\\" data-element_type=\\\"container\\\" data-e-type=\\\"container\\\">\\n\\t\\t\\t\\t\\t<div class=\\\"e-con-inner\\\">\\n\\t\\t\\t\\t<div class=\\\"elementor-element elementor-element-06e3ad7 elementor-widget__width-initial elementor-widget elementor-widget-image\\\" data-id=\\\"06e3ad7\\\" data-element_type=\\\"widget\\\" data-e-type=\\\"widget\\\" data-widget_type=\\\"image.default\\\">\\n\\t\\t\\t\\t<div class=\\\"elementor-widget-container\\\">\\n\\t\\t\\t\\t\\t\\t\\t\\t\\t\\t\\t\\t\\t\\t\\t<img width=\\\"683\\\" height=\\\"1024\\\" src=\\\"https:\\\/\\\/mex-mart.ca\\\/wp-content\\\/uploads\\\/2024\\\/04\\\/InternationalShiping-683x1024.png\\\" class=\\\"attachment-large size-large wp-image-1908\\\" alt=\\\"International Shipping\\\" srcset=\\\"https:\\\/\\\/mex-mart.ca\\\/wp-content\\\/uploads\\\/2024\\\/04\\\/InternationalShiping-683x1024.png 683w, https:\\\/\\\/mex-mart.ca\\\/wp-content\\\/uploads\\\/2024\\\/04\\\/InternationalShiping-500x750.png 500w, https:\\\/\\\/mex-mart.ca\\\/wp-content\\\/uploads\\\/2024\\\/04\\\/InternationalShiping-200x300.png 200w, https:\\\/\\\/mex-mart.ca\\\/wp-content\\\/uploads\\\/2024\\\/04\\\/InternationalShiping-768x1152.png 768w, https:\\\/\\\/mex-mart.ca\\\/wp-content\\\/uploads\\\/2024\\\/04\\\/InternationalShiping-1024x1536.png 1024w, https:\\\/\\\/mex-mart.ca\\\/wp-content\\\/uploads\\\/2024\\\/04\\\/InternationalShiping-1365x2048.png 1365w, https:\\\/\\\/mex-mart.ca\\\/wp-content\\\/uploads\\\/2024\\\/04\\\/InternationalShiping.png 2000w\\\" sizes=\\\"(max-width: 683px) 100vw, 683px\\\" \\\/>\\t\\t\\t\\t\\t\\t\\t\\t\\t\\t\\t\\t\\t\\t\\t<\\\/div>\\n\\t\\t\\t\\t<\\\/div>\\n\\t\\t\\t\\t\\t<\\\/div>\\n\\t\\t\\t\\t<\\\/div>\\n\\t\\t<div class=\\\"elementor-element elementor-element-42f397f e-flex e-con-boxed e-con e-child\\\" data-id=\\\"42f397f\\\" data-element_type=\\\"container\\\" data-e-type=\\\"container\\\">\\n\\t\\t\\t\\t\\t<div class=\\\"e-con-inner\\\">\\n\\t\\t\\t\\t\\t<\\\/div>\\n\\t\\t\\t\\t<\\\/div>\\n\\t\\t\\t\\t<\\\/div>\\n\\t\\t<div class=\\\"elementor-element elementor-element-dfeec8e e-con-full e-flex e-con e-child\\\" data-id=\\\"dfeec8e\\\" data-element_type=\\\"container\\\" data-e-type=\\\"container\\\">\\n\\t\\t\\t\\t<div class=\\\"elementor-element elementor-element-7aff212 elementor-widget elementor-widget-heading\\\" data-id=\\\"7aff212\\\" data-element_type=\\\"widget\\\" data-e-type=\\\"widget\\\" data-widget_type=\\\"heading.default\\\">\\n\\t\\t\\t\\t<div class=\\\"elementor-widget-container\\\">\\n\\t\\t\\t\\t\\t<h5 class=\\\"elementor-heading-title elementor-size-default\\\">PUERTA A AEROPUERTO, EQUIPAJE SOLITARIO O EQUIPAJE NO ACOMPA\\u00d1ADO<\\\/h5>\\t\\t\\t\\t<\\\/div>\\n\\t\\t\\t\\t<\\\/div>\\n\\t\\t[elementor-element k=\\\"ce234f9fc295295bf4579df79663d6f4\\\" data=\\\"eyJpZCI6IjE5ZTM1MGIiLCJlbFR5cGUiOiJ3aWRnZXQiLCJzZXR0aW5ncyI6eyJlZGl0b3IiOiI8cD48Yj5EZXN0aW5vczogPFwvYj48c3BhbiBzdHlsZT1cImZvbnQtd2VpZ2h0OiA0MDA7XCI+R3VhdGVtYWxhLCBIb25kdXJhcywgRWwgU2FsdmFkb3IsIE5pY2FyYWd1YSB5IENvc3RhIFJpY2E8XC9zcGFuPjxcL3A+PHA+PHNwYW4gc3R5bGU9XCJmb250LXdlaWdodDogNDAwO1wiPkVzdGUgZXMgZWwgc2VydmljaW8gY29uIG1hcyBkZW1hbmRhIGRlYmlkbyBhIHF1ZSBlcyBlbCBtYXMgZWNvblx1MDBmM21pY28geSByXHUwMGUxcGlkbyB1c3VhbG1lbnRlIG5vIHBhZ2FzIGltcHVlc3RvcyBkZWJpZG8gYWwgYXJ0aWN1bG8gMTE2IG8gMTE0IGRlbCBDXHUwMGYzZGlnbyBBZHVhbmVybyBDZW50cm9hbWVyaWNhbm8uPFwvc3Bhbj48XC9wPjxwPjxiPjxpPlN1IEZhbWlsaWFyIHJldGlyYSBsYSBjYXJnYSBlbiBFbCBBZXJvcHVlcnRvIHBhZ2FyXHUwMGVkYSAkIDE1IGEgMjAgVVNEIHBvciBsYSBndVx1MDBlZGEuPFwvaT48XC9iPjxcL3A+PHA+PHNwYW4gc3R5bGU9XCJmb250LXdlaWdodDogNDAwO1wiPkxvcyBpbXB1ZXN0b3MgdmFuIGRlIGFjdWVyZG8gYSBsbyBxdWUgdXN0ZWQgZW52XHUwMGVkYS4gU3UgRmFtaWxpYXIgcXVlIHRpZW5lIHF1ZSBzZXIgZGVsIHByaW1lciBjaXJjdWxvIHNhbmd1XHUwMGVkbmVvIChlc3Bvc28sIGVzcG9zYSwgaGlqb3MgcGFkcmVzIG8gaGVybWFub3MgZGViZW4gbGxldmFyIHBhcnRpZGEgZGUgbmFjaW1pZW50byk8XC9zcGFuPjxcL3A+IiwiYWxpZ24iOiJqdXN0aWZ5In0sImVsZW1lbnRzIjpbXSwid2lkZ2V0VHlwZSI6InRleHQtZWRpdG9yIn0=\\\"]\\t\\t<div class=\\\"elementor-element elementor-element-ac636a8 elementor-widget elementor-widget-heading\\\" data-id=\\\"ac636a8\\\" data-element_type=\\\"widget\\\" data-e-type=\\\"widget\\\" data-widget_type=\\\"heading.default\\\">\\n\\t\\t\\t\\t<div class=\\\"elementor-widget-container\\\">\\n\\t\\t\\t\\t\\t<h6 class=\\\"elementor-heading-title elementor-size-default\\\">PEQUEN\\u0303OS ENVI\\u0301OS FAMILIARES SIN CARA\\u0301CTER COMERCIAL<\\\/h6>\\t\\t\\t\\t<\\\/div>\\n\\t\\t\\t\\t<\\\/div>\\n\\t\\t[elementor-element k=\\\"ce234f9fc295295bf4579df79663d6f4\\\" data=\\\"eyJpZCI6IjNmM2YxZDIiLCJlbFR5cGUiOiJ3aWRnZXQiLCJzZXR0aW5ncyI6eyJlZGl0b3IiOiI8cD48c3BhbiBzdHlsZT1cImZvbnQtd2VpZ2h0OiA0MDA7XCI+UGFyYSBlbCBkZXNwYWNobyBkZSBsb3MgcGVxdWVuXHUwMzAzb3MgZW52aVx1MDMwMW9zIHNpbiBjYXJhXHUwMzAxY3RlciBjb21lcmNpYWwgKEFydCAxMTQgZGVsIENvXHUwMzAxZGlnbyBBZHVhbmVybyBDZW50cm9hXHUwMzAxbWVyaWNhbm8pLCBlbiBsYSBEZWNsYXJhY2lvXHUwMzAxbiBkZSBNZXJjYW5jaVx1MDMwMWFzIHNlIGFwbGljYXJhXHUwMzAxIGxhIGV4ZW5jaW9cdTAzMDFuIGRlIHF1aW5pZW50b3MgMDBcLzEwMCAoJDUwMC4wMCkgZG9cdTAzMDFsYXJlcyBhbWVyaWNhbm9zLCBzaWVtcHJlIHkgY3VhbmRvIGxhIHBlcnNvbmEgaW5kaXZpZHVhbCBhIGxhIHF1ZSBsbGVndWVuIGNvbnNpZ25hZGFzIGxhcyBtZXJjYW5jaVx1MDMwMWFzIGJham8gZVx1MDMwMXN0YSBtb2RhbGlkYWQsIGFjcmVkaXRlIHN1IGRlcmVjaG8gYWwgcmV0aXJvIGRlIGxhcyBtaXNtYXMsIG1lZGlhbnRlIGxhIHByZXNlbnRhY2lvXHUwMzAxbiBkZWwgZG9jdW1lbnRvIGRlIGVtYmFycXVlIGNvbnNpZ25hZG8gYSBzdSBub21icmUgeSBmaXJtYW5kbyBsYSBkZWNsYXJhY2lvXHUwMzAxbiBhZHVhbmVyYS48XC9zcGFuPjxcL3A+IiwiYWxpZ24iOiJqdXN0aWZ5In0sImVsZW1lbnRzIjpbXSwid2lkZ2V0VHlwZSI6InRleHQtZWRpdG9yIn0=\\\"][elementor-element k=\\\"ce234f9fc295295bf4579df79663d6f4\\\" data=\\\"eyJpZCI6ImQ5MzkxZjIiLCJlbFR5cGUiOiJ3aWRnZXQiLCJzZXR0aW5ncyI6eyJlZGl0b3IiOiI8cD48c3BhbiBzdHlsZT1cImZvbnQtd2VpZ2h0OiA0MDA7XCI+UGFyYSBnb3phciBkZWwgcHJlc2VudGUgYmVuZWZpY2lvIHNlIGRlYmVyYVx1MDMwMW4gY3VtcGxpciBsYXMgY29uZGljaW9uZXMgc2lndWllbnRlczo8XC9zcGFuPjxzcGFuIHN0eWxlPVwiZm9udC13ZWlnaHQ6IDQwMDtcIj48YnIgXC8+PFwvc3Bhbj48c3BhbiBzdHlsZT1cImZvbnQtd2VpZ2h0OiA0MDA7XCI+IGEuIFF1ZSBlbCBkZXN0aW5hdGFyaW8gbm8gaGF5YSBnb3phZG8gZGVsIGJlbmVmaWNpbyBkdXJhbnRlIGxvcyB1XHUwMzAxbHRpbW9zIHNlaXMgbWVzZXMgYW50ZXJpb3JlcyBhbCBhcnJpYm8gZGUgbGFzIG1lcmNhbmNpXHUwMzAxYXMuPFwvc3Bhbj48c3BhbiBzdHlsZT1cImZvbnQtd2VpZ2h0OiA0MDA7XCI+PGJyIFwvPjxcL3NwYW4+PHNwYW4gc3R5bGU9XCJmb250LXdlaWdodDogNDAwO1wiPiBiLiBRdWUgbGEgY2FudGlkYWQgZGUgbWVyY2FuY2lcdTAzMDFhcyBhIGltcG9ydGFyIGJham8gZXN0YSBtb2RhbGlkYWQgbm8gc2VhIHN1c2NlcHRpYmxlIGRlIHNlciBkZXN0aW5hZGEgcGFyYSBmaW5lcyBjb21lcmNpYWxlcy48XC9zcGFuPjxzcGFuIHN0eWxlPVwiZm9udC13ZWlnaHQ6IDQwMDtcIj48YnIgXC8+PFwvc3Bhbj48c3BhbiBzdHlsZT1cImZvbnQtd2VpZ2h0OiA0MDA7XCI+IGMuIFF1ZSBlbCBkZXN0aW5hdGFyaW8gZGUgbGFzIG1lcmNhbmNpXHUwMzAxYXMgc2VhIHVuYSBwZXJzb25hIG5hdHVyYWwuPGJyIFwvPjxcL3NwYW4+PHNwYW4gc3R5bGU9XCJmb250LXdlaWdodDogNDAwO1wiPmQuIFF1ZSBzZSBkZW11ZXN0cmUsIGVuIHN1IGNhc28sIGFudGUgbGEgYXV0b3JpZGFkIGFkdWFuZXJhIGVsIGN1bXBsaW1pZW50byBkZSBsYXMgcmVndWxhY2lvbmVzIHkgcmVzdHJpY2Npb25lcyBubyBhcmFuY2VsYXJpYXMuPFwvc3Bhbj48c3BhbiBzdHlsZT1cImZvbnQtd2VpZ2h0OiA0MDA7XCI+PGJyIFwvPjxcL3NwYW4+PHNwYW4gc3R5bGU9XCJmb250LXdlaWdodDogNDAwO1wiPiBMb3MgZW52aVx1MDMwMW9zIHF1ZSBleGNlZGFuIGVsIHZhbG9yIGRlIHF1aW5pZW50b3MgMDBcLzEwMCAoJDUwMC4wMCkgZG9cdTAzMDFsYXJlcyBhbWVyaWNhbm9zLCBlc3RhcmFcdTAzMDFuIHN1amV0b3MgYWwgcGFnbyBkZSBsb3MgRGVyZWNob3MgQXJhbmNlbGFyaW9zIGUgSW1wdWVzdG9zIGNvcnJlc3BvbmRpZW50ZXMgc29icmUgZWwgdmFsb3IgdG90YWwgZGVsIGVudmlcdTAzMDFvLjxcL3NwYW4+PHNwYW4gc3R5bGU9XCJmb250LXdlaWdodDogNDAwO1wiPjxiciBcLz48XC9zcGFuPjxzcGFuIHN0eWxlPVwiZm9udC13ZWlnaHQ6IDQwMDtcIj4gRW4gY2FzbyBkZSBubyBjb250YXIgY29uIGZhY3R1cmFzLCByZWNpYm9zIG8gdGlxdWV0ZXMgZGUgY2FqYSwgbGEgQWR1YW5hIHByb2NlZGVyYVx1MDMwMSBhIGRldGVybWluYXIgZWwgdmFsb3IgZGUgbGFzIG1lcmNhbmNpXHUwMzAxYXMgZW4gYmFzZSBhIHZhbG9yZXMgZGUgcmVmZXJlbmNpYSBkZWJpZGFtZW50ZSBwdWJsaWNhZG9zIHBvciBsYSBER0EuPFwvc3Bhbj48XC9wPiIsIl9mbGV4X2FsaWduX3NlbGYiOiJmbGV4LXN0YXJ0In0sImVsZW1lbnRzIjpbXSwid2lkZ2V0VHlwZSI6InRleHQtZWRpdG9yIn0=\\\"][elementor-element k=\\\"ce234f9fc295295bf4579df79663d6f4\\\" data=\\\"eyJpZCI6IjMyODliZTUiLCJlbFR5cGUiOiJ3aWRnZXQiLCJzZXR0aW5ncyI6eyJlZGl0b3IiOiIifSwiZWxlbWVudHMiOltdLCJ3aWRnZXRUeXBlIjoidGV4dC1lZGl0b3IifQ==\\\"]\\t\\t<\\\/div>\\n\\t\\t\\t\\t\\t<\\\/div>\\n\\t\\t\\t\\t<\\\/div>\\n\\t\\t\",\"scripts\":[],\"styles\":[]}}"]},"_links":{"self":[{"href":"https:\/\/mex-mart.ca\/index.php\/wp-json\/wp\/v2\/pages\/7","targetHints":{"allow":["GET"]}}],"collection":[{"href":"https:\/\/mex-mart.ca\/index.php\/wp-json\/wp\/v2\/pages"}],"about":[{"href":"https:\/\/mex-mart.ca\/index.php\/wp-json\/wp\/v2\/types\/page"}],"author":[{"embeddable":true,"href":"https:\/\/mex-mart.ca\/index.php\/wp-json\/wp\/v2\/users\/1"}],"replies":[{"embeddable":true,"href":"https:\/\/mex-mart.ca\/index.php\/wp-json\/wp\/v2\/comments?post=7"}],"version-history":[{"count":17,"href":"https:\/\/mex-mart.ca\/index.php\/wp-json\/wp\/v2\/pages\/7\/revisions"}],"predecessor-version":[{"id":2041,"href":"https:\/\/mex-mart.ca\/index.php\/wp-json\/wp\/v2\/pages\/7\/revisions\/2041"}],"wp:attachment":[{"href":"https:\/\/mex-mart.ca\/index.php\/wp-json\/wp\/v2\/media?parent=7"}],"curies":[{"name":"wp","href":"https:\/\/api.w.org\/{rel}","templated":true}]}}